{"id":3,"date":"2020-01-24T13:57:14","date_gmt":"2020-01-24T13:57:14","guid":{"rendered":"https:\/\/quartzconsult.com\/?page_id=3"},"modified":"2020-02-15T21:10:40","modified_gmt":"2020-02-15T21:10:40","slug":"aviso-legal","status":"publish","type":"page","link":"https:\/\/quartzconsult.com\/ca\/aviso-legal\/","title":{"rendered":"Av\u00eds Legal"},"content":{"rendered":"<p>&nbsp;<\/p>\n<p>D&#8217;acord amb la LO 15\/1999, de 13 de desembre, de protecci\u00f3 de dades de car\u00e0cter personal, l&#8217;informem que Quartz Consulting \u00e9s el responsable del fitxer, comunicat al Registre General de Protecci\u00f3 de Dades, on estan recollides i tractades les dades de car\u00e0cter personal necess\u00e0ries per al compliment de la relaci\u00f3 comercial existent. Podeu exercir els drets d&#8217;acc\u00e9s, rectificaci\u00f3, cancel\u00b7laci\u00f3 i oposici\u00f3. dirigint-se a QUARTZ CONSULTING, per correu a C\/Tirso de Molina 36 08940 o per mail a\u00a0<a class=\"\" href=\"mailto:info@quartzconsult.com.%20\"><span class=\"\">info@quartzconsult.com.<\/span><span class=\"\">\u00a0<\/span><\/a>En aquells casos en qu\u00e8 per a la realitzaci\u00f3 del servei contractat, Quartz Consulting figuri com a encarregat del tractament dels fitxers sota la responsabilitat del client, QUARTZ CONSULTING assumeix les obligacions establertes a la LOPD a l&#8217;efecte i manifesta que \u00fanicament tractar\u00e0 les dades d&#8217;acord amb les instruccions del responsable del tractament i que no les aplicar\u00e0 o utilitzar\u00e0 amb fins diferents dels que figurin en el contracte celebrat a l\u2019efecte. Aquesta web es de car\u00e0cter informatiu.<\/p>","protected":false},"excerpt":{"rendered":"<p>&nbsp; D&#8217;acord amb la LO 15\/1999, de 13 de desembre, de protecci\u00f3 de dades de car\u00e0cter personal, l&#8217;informem que Quartz Consulting \u00e9s el responsable del fitxer, comunicat al Registre General de Protecci\u00f3 de Dades, on estan recollides i tractades les dades de car\u00e0cter personal necess\u00e0ries per al compliment de la relaci\u00f3 comercial existent. Podeu exercir [&hellip;]<\/p>\n","protected":false},"author":1,"featured_media":0,"parent":0,"menu_order":0,"comment_status":"closed","ping_status":"closed","template":"","meta":{"footnotes":""},"class_list":["post-3","page","type-page","status-publish","hentry"],"_links":{"self":[{"href":"https:\/\/quartzconsult.com\/ca\/wp-json\/wp\/v2\/pages\/3","targetHints":{"allow":["GET"]}}],"collection":[{"href":"https:\/\/quartzconsult.com\/ca\/wp-json\/wp\/v2\/pages"}],"about":[{"href":"https:\/\/quartzconsult.com\/ca\/wp-json\/wp\/v2\/types\/page"}],"author":[{"embeddable":true,"href":"https:\/\/quartzconsult.com\/ca\/wp-json\/wp\/v2\/users\/1"}],"replies":[{"embeddable":true,"href":"https:\/\/quartzconsult.com\/ca\/wp-json\/wp\/v2\/comments?post=3"}],"version-history":[{"count":6,"href":"https:\/\/quartzconsult.com\/ca\/wp-json\/wp\/v2\/pages\/3\/revisions"}],"predecessor-version":[{"id":2081,"href":"https:\/\/quartzconsult.com\/ca\/wp-json\/wp\/v2\/pages\/3\/revisions\/2081"}],"wp:attachment":[{"href":"https:\/\/quartzconsult.com\/ca\/wp-json\/wp\/v2\/media?parent=3"}],"curies":[{"name":"wp","href":"https:\/\/api.w.org\/{rel}","templated":true}]}}