{"id":1974,"date":"2020-01-26T18:29:40","date_gmt":"2020-01-26T18:29:40","guid":{"rendered":"https:\/\/quartzconsult.com\/?page_id=1974"},"modified":"2020-02-18T17:43:55","modified_gmt":"2020-02-18T17:43:55","slug":"quienes-somos","status":"publish","type":"page","link":"https:\/\/quartzconsult.com\/ca\/quienes-somos\/","title":{"rendered":"QUI SOM"},"content":{"rendered":"\t\t<div data-elementor-type=\"wp-page\" data-elementor-id=\"1974\" class=\"elementor elementor-1974\" data-elementor-settings=\"[]\">\n\t\t\t\t\t\t<div class=\"elementor-inner\">\n\t\t\t\t\t\t\t<div class=\"elementor-section-wrap\">\n\t\t\t\t\t\t\t<section class=\"elementor-section elementor-top-section elementor-element elementor-element-61cb5b6 elementor-section-stretched elementor-section-content-middle elementor-section-boxed elementor-section-height-default elementor-section-height-default\" data-id=\"61cb5b6\" data-element_type=\"section\" data-settings=\"{&quot;stretch_section&quot;:&quot;section-stretched&quot;}\">\n\t\t\t\t\t\t<div class=\"elementor-container elementor-column-gap-default\">\n\t\t\t\t\t\t\t<div class=\"elementor-row\">\n\t\t\t\t\t<div class=\"elementor-column elementor-col-33 elementor-top-column elementor-element elementor-element-4ba8bd2c\" data-id=\"4ba8bd2c\" data-element_type=\"column\">\n\t\t\t<div class=\"elementor-column-wrap elementor-element-populated\">\n\t\t\t\t\t\t\t<div class=\"elementor-widget-wrap\">\n\t\t\t\t\t\t<div class=\"elementor-element elementor-element-54449f65 elementor-widget elementor-widget-image\" data-id=\"54449f65\" data-element_type=\"widget\" data-widget_type=\"image.default\">\n\t\t\t\t<div class=\"elementor-widget-container\">\n\t\t\t\t\t<div class=\"elementor-image\">\n\t\t\t\t\t\t\t\t\t\t<img loading=\"lazy\" decoding=\"async\" width=\"365\" height=\"365\" src=\"https:\/\/quartzconsult.com\/wp-content\/uploads\/2020\/01\/Hugo-Sanchez.jpeg\" class=\"attachment-large size-large\" alt=\"\" srcset=\"https:\/\/quartzconsult.com\/wp-content\/uploads\/2020\/01\/Hugo-Sanchez.jpeg 365w, https:\/\/quartzconsult.com\/wp-content\/uploads\/2020\/01\/Hugo-Sanchez-300x300.jpeg 300w, https:\/\/quartzconsult.com\/wp-content\/uploads\/2020\/01\/Hugo-Sanchez-150x150.jpeg 150w\" sizes=\"auto, (max-width: 365px) 100vw, 365px\" \/>\t\t\t\t\t\t\t\t\t\t\t<\/div>\n\t\t\t\t<\/div>\n\t\t\t\t<\/div>\n\t\t\t\t\t\t<\/div>\n\t\t\t\t\t<\/div>\n\t\t<\/div>\n\t\t\t\t<div class=\"elementor-column elementor-col-66 elementor-top-column elementor-element elementor-element-6b9eaccb\" data-id=\"6b9eaccb\" data-element_type=\"column\">\n\t\t\t<div class=\"elementor-column-wrap elementor-element-populated\">\n\t\t\t\t\t\t\t<div class=\"elementor-widget-wrap\">\n\t\t\t\t\t\t<div class=\"elementor-element elementor-element-2636b2bf elementor-widget elementor-widget-text-editor\" data-id=\"2636b2bf\" data-element_type=\"widget\" data-widget_type=\"text-editor.default\">\n\t\t\t\t<div class=\"elementor-widget-container\">\n\t\t\t\t\t<div class=\"elementor-text-editor elementor-clearfix\"><p><\/p><p><em>\u201cLa nostra missi\u00f3 \u00e9s posar a disposici\u00f3 del teixit empresarial el coneixement i experi\u00e8ncia\u00a0 acumulats dels nostres professionals per a optimitzar l\u2019efic\u00e0cia i efici\u00e8ncia de les seves organitzacions.<\/em><\/p><p><em>Ensenyar a les joves generacions l\u2019aportaci\u00f3 dels nostres empresaris i executius a la societat en el seu conjunt\u201d.<\/em><\/p><p><br \/><\/p><\/div>\n\t\t\t\t<\/div>\n\t\t\t\t<\/div>\n\t\t\t\t<div class=\"elementor-element elementor-element-65371923 elementor-widget elementor-widget-text-editor\" data-id=\"65371923\" data-element_type=\"widget\" data-widget_type=\"text-editor.default\">\n\t\t\t\t<div class=\"elementor-widget-container\">\n\t\t\t\t\t<div class=\"elementor-text-editor elementor-clearfix\"><h5>Hugo S\u00e1nchez de Moutas<\/h5><\/div>\n\t\t\t\t<\/div>\n\t\t\t\t<\/div>\n\t\t\t\t<div class=\"elementor-element elementor-element-33b656 elementor-widget elementor-widget-text-editor\" data-id=\"33b656\" data-element_type=\"widget\" data-widget_type=\"text-editor.default\">\n\t\t\t\t<div class=\"elementor-widget-container\">\n\t\t\t\t\t<div class=\"elementor-text-editor elementor-clearfix\"><h6><\/span>President de QUARTZ<span class=\"Apple-converted-space\"><\/span><\/h6><\/div>\n\t\t\t\t<\/div>\n\t\t\t\t<\/div>\n\t\t\t\t\t\t<\/div>\n\t\t\t\t\t<\/div>\n\t\t<\/div>\n\t\t\t\t\t\t\t\t<\/div>\n\t\t\t\t\t<\/div>\n\t\t<\/section>\n\t\t\t\t\t\t<\/div>\n\t\t\t\t\t\t<\/div>\n\t\t\t\t\t<\/div>\n\t\t","protected":false},"excerpt":{"rendered":"<p>\u201cLa nostra missi\u00f3 \u00e9s posar a disposici\u00f3 del teixit empresarial el coneixement i experi\u00e8ncia\u00a0 acumulats dels nostres professionals per a optimitzar l\u2019efic\u00e0cia i efici\u00e8ncia de les seves organitzacions. Ensenyar a les joves generacions l\u2019aportaci\u00f3 dels nostres empresaris i executius a la societat en el seu conjunt\u201d. Hugo S\u00e1nchez de Moutas President de QUARTZ<\/p>\n","protected":false},"author":1,"featured_media":0,"parent":0,"menu_order":0,"comment_status":"closed","ping_status":"closed","template":"","meta":{"footnotes":""},"class_list":["post-1974","page","type-page","status-publish","hentry"],"_links":{"self":[{"href":"https:\/\/quartzconsult.com\/ca\/wp-json\/wp\/v2\/pages\/1974","targetHints":{"allow":["GET"]}}],"collection":[{"href":"https:\/\/quartzconsult.com\/ca\/wp-json\/wp\/v2\/pages"}],"about":[{"href":"https:\/\/quartzconsult.com\/ca\/wp-json\/wp\/v2\/types\/page"}],"author":[{"embeddable":true,"href":"https:\/\/quartzconsult.com\/ca\/wp-json\/wp\/v2\/users\/1"}],"replies":[{"embeddable":true,"href":"https:\/\/quartzconsult.com\/ca\/wp-json\/wp\/v2\/comments?post=1974"}],"version-history":[{"count":20,"href":"https:\/\/quartzconsult.com\/ca\/wp-json\/wp\/v2\/pages\/1974\/revisions"}],"predecessor-version":[{"id":2097,"href":"https:\/\/quartzconsult.com\/ca\/wp-json\/wp\/v2\/pages\/1974\/revisions\/2097"}],"wp:attachment":[{"href":"https:\/\/quartzconsult.com\/ca\/wp-json\/wp\/v2\/media?parent=1974"}],"curies":[{"name":"wp","href":"https:\/\/api.w.org\/{rel}","templated":true}]}}