{"id":1561,"date":"2020-01-25T17:46:01","date_gmt":"2020-01-25T17:46:01","guid":{"rendered":"https:\/\/quartzconsult.com\/?page_id=1561"},"modified":"2020-02-24T19:40:34","modified_gmt":"2020-02-24T19:40:34","slug":"clientes","status":"publish","type":"page","link":"https:\/\/quartzconsult.com\/ca\/clientes\/","title":{"rendered":"Clients"},"content":{"rendered":"\t\t<div data-elementor-type=\"wp-page\" data-elementor-id=\"1561\" class=\"elementor elementor-1561\" data-elementor-settings=\"[]\">\n\t\t\t\t\t\t<div class=\"elementor-inner\">\n\t\t\t\t\t\t\t<div class=\"elementor-section-wrap\">\n\t\t\t\t\t\t\t<section class=\"elementor-section elementor-top-section elementor-element elementor-element-742f40e elementor-section-stretched elementor-section-boxed elementor-section-height-default elementor-section-height-default\" data-id=\"742f40e\" data-element_type=\"section\" data-settings=\"{&quot;stretch_section&quot;:&quot;section-stretched&quot;}\">\n\t\t\t\t\t\t<div class=\"elementor-container elementor-column-gap-default\">\n\t\t\t\t\t\t\t<div class=\"elementor-row\">\n\t\t\t\t\t<div class=\"elementor-column elementor-col-100 elementor-top-column elementor-element elementor-element-125b698\" data-id=\"125b698\" data-element_type=\"column\">\n\t\t\t<div class=\"elementor-column-wrap elementor-element-populated\">\n\t\t\t\t\t\t\t<div class=\"elementor-widget-wrap\">\n\t\t\t\t\t\t<div class=\"elementor-element elementor-element-6399256 elementor-widget elementor-widget-text-editor\" data-id=\"6399256\" data-element_type=\"widget\" data-widget_type=\"text-editor.default\">\n\t\t\t\t<div class=\"elementor-widget-container\">\n\t\t\t\t\t<div class=\"elementor-text-editor elementor-clearfix\"><p>La confidencialitat amb els nostres clients \u00e9s la nostra m\u00e0xima premissa. La seva opini\u00f3 \u00e9s la clave del nostre \u00e8xit que ens permet millorar i aprendre constantment.<\/p><p>Alguns testimonis:<\/p><p><\/p><\/div>\n\t\t\t\t<\/div>\n\t\t\t\t<\/div>\n\t\t\t\t\t\t<\/div>\n\t\t\t\t\t<\/div>\n\t\t<\/div>\n\t\t\t\t\t\t\t\t<\/div>\n\t\t\t\t\t<\/div>\n\t\t<\/section>\n\t\t\t\t<section class=\"elementor-section elementor-top-section elementor-element elementor-element-235f8c2 elementor-section-stretched elementor-section-content-middle elementor-section-boxed elementor-section-height-default elementor-section-height-default\" data-id=\"235f8c2\" data-element_type=\"section\" data-settings=\"{&quot;stretch_section&quot;:&quot;section-stretched&quot;,&quot;background_background&quot;:&quot;classic&quot;}\">\n\t\t\t\t\t\t<div class=\"elementor-container elementor-column-gap-default\">\n\t\t\t\t\t\t\t<div class=\"elementor-row\">\n\t\t\t\t\t<div class=\"elementor-column elementor-col-33 elementor-top-column elementor-element elementor-element-3215887\" data-id=\"3215887\" data-element_type=\"column\">\n\t\t\t<div class=\"elementor-column-wrap elementor-element-populated\">\n\t\t\t\t\t\t\t<div class=\"elementor-widget-wrap\">\n\t\t\t\t\t\t<div class=\"elementor-element elementor-element-7c1b92c elementor-view-framed elementor-shape-circle elementor-widget elementor-widget-icon\" data-id=\"7c1b92c\" data-element_type=\"widget\" data-widget_type=\"icon.default\">\n\t\t\t\t<div class=\"elementor-widget-container\">\n\t\t\t\t\t<div class=\"elementor-icon-wrapper\">\n\t\t\t<a class=\"elementor-icon\" href=\"https:\/\/web.quartzconsult.com\/\">\n\t\t\t<svg xmlns=\"http:\/\/www.w3.org\/2000\/svg\" id=\"Layer_1\" height=\"512\" viewBox=\"0 0 512 512\" width=\"512\" data-name=\"Layer 1\"><path d=\"m501.656 261.1-78.609-221.807c-.014-.042-.035-.081-.05-.123-.046-.12-.094-.239-.147-.355-.033-.073-.068-.144-.1-.214-.051-.1-.1-.2-.16-.3-.046-.081-.095-.161-.146-.239s-.106-.161-.161-.239-.122-.168-.187-.249-.109-.135-.167-.2-.14-.159-.214-.236-.125-.125-.188-.187-.148-.136-.224-.2-.149-.124-.225-.184-.144-.109-.217-.161c-.088-.063-.179-.123-.271-.181-.066-.042-.133-.083-.2-.122-.1-.059-.207-.114-.312-.168-.065-.032-.129-.063-.195-.093-.109-.05-.22-.1-.333-.139-.069-.027-.139-.053-.211-.077-.107-.037-.215-.071-.326-.1-.084-.023-.168-.045-.253-.065s-.195-.043-.294-.061-.211-.035-.317-.048c-.082-.011-.163-.02-.246-.027-.125-.011-.252-.016-.378-.019-.044 0-.086-.007-.129-.007h-.018l-12.924.041a5.955 5.955 0 0 0 -1.387 0l-120.42.379a31.107 31.107 0 0 0 -61.137-.734l-126.252-.454a5.948 5.948 0 0 0 -1.467-.006l-12.5-.045h-.022c-.055 0-.108.007-.163.008a6 6 0 0 0 -5.953 4.365l-61.725 219.095a8.27 8.27 0 0 0 -3.424 7 84.477 84.477 0 0 0 84.562 81.673 84.477 84.477 0 0 0 84.562-81.673 8.369 8.369 0 0 0 -3.638-7.159l-72.533-211.231 118.542.429a31.134 31.134 0 0 0 24.669 24.47l-.318 280.511a103.207 103.207 0 0 0 -63.507 27.476 109.86 109.86 0 0 0 -33.731 60.716h-7.986a26.03 26.03 0 0 0 -26 26v27.84a8.009 8.009 0 0 0 8 8h258.765a8.009 8.009 0 0 0 8-8v-27.84a26.029 26.029 0 0 0 -26-26h-7.906a106.789 106.789 0 0 0 -33.468-61.019 104.163 104.163 0 0 0 -64.167-27.187l.318-280.554a31.142 31.142 0 0 0 24.193-23.678l113.418-.356-62.703 215.234a5.966 5.966 0 0 0 -.19 2.44c-.013.239-.022.48-.014.72a84.61 84.61 0 0 0 169.124 0 8.294 8.294 0 0 0 -.1-1.544 5.968 5.968 0 0 0 -.24-3.116zm-356.5 53.067a72.8 72.8 0 0 1 -101.175 0 71.787 71.787 0 0 1 -21.771-45.88h144.714a71.783 71.783 0 0 1 -21.77 45.884zm17.135-57.88h-135.928l59.1-209.8 4.785.018zm215.1 209.869v23.844h-250.765v-23.84a14.017 14.017 0 0 1 14-14h222.765a14.016 14.016 0 0 1 14 14zm-34.112-26h-182.426a97.911 97.911 0 0 1 29.614-51.884c17.178-15.8 39-24.5 61.444-24.5a92.034 92.034 0 0 1 62.026 24.238 94.829 94.829 0 0 1 29.342 52.15zm-91.27-380.143a19.007 19.007 0 1 1 19.1-19.007 19.072 19.072 0 0 1 -19.1 19.007zm161.149-12.7 74.35 209.8h-140.333l61.115-209.787zm54.864 267.677a72.626 72.626 0 0 1 -122.946-45.879h144.715a71.782 71.782 0 0 1 -21.769 45.877z\"><\/path><\/svg>\t\t\t<\/a>\n\t\t<\/div>\n\t\t\t\t<\/div>\n\t\t\t\t<\/div>\n\t\t\t\t\t\t<\/div>\n\t\t\t\t\t<\/div>\n\t\t<\/div>\n\t\t\t\t<div class=\"elementor-column elementor-col-66 elementor-top-column elementor-element elementor-element-b78b207\" data-id=\"b78b207\" data-element_type=\"column\">\n\t\t\t<div class=\"elementor-column-wrap elementor-element-populated\">\n\t\t\t\t\t\t\t<div class=\"elementor-widget-wrap\">\n\t\t\t\t\t\t<div class=\"elementor-element elementor-element-4d6873b elementor-widget elementor-widget-text-editor\" data-id=\"4d6873b\" data-element_type=\"widget\" data-widget_type=\"text-editor.default\">\n\t\t\t\t<div class=\"elementor-widget-container\">\n\t\t\t\t\t<div class=\"elementor-text-editor elementor-clearfix\"><p><strong>Empresa del sector industrial<\/strong><\/p><p><em>La nostra experi\u00e8ncia amb l\u2019equip de QUARTZ ens ha portat a ordenar la nostra activitat d\u2019innovaci\u00f3 que ven\u00edem desenvolupant, de forma temporal i desordenada.<\/em><\/p><p><em>Ara, no nom\u00e9s hem pogut incorporar la innovaci\u00f3 com a valor afegit als nostres productes i serveis, sin\u00f3 que amb els professionals de QUARTZ tamb\u00e9 hem aconseguit un millor finan\u00e7ament de les nostres despeses i millora en el nostre estalvi fiscal.<\/em><\/p><p><\/p><\/div>\n\t\t\t\t<\/div>\n\t\t\t\t<\/div>\n\t\t\t\t\t\t<\/div>\n\t\t\t\t\t<\/div>\n\t\t<\/div>\n\t\t\t\t\t\t\t\t<\/div>\n\t\t\t\t\t<\/div>\n\t\t<\/section>\n\t\t\t\t<section class=\"elementor-section elementor-top-section elementor-element elementor-element-8a48ac2 elementor-section-stretched elementor-section-content-middle elementor-section-boxed elementor-section-height-default elementor-section-height-default\" data-id=\"8a48ac2\" data-element_type=\"section\" data-settings=\"{&quot;stretch_section&quot;:&quot;section-stretched&quot;,&quot;background_background&quot;:&quot;classic&quot;}\">\n\t\t\t\t\t\t<div class=\"elementor-container elementor-column-gap-default\">\n\t\t\t\t\t\t\t<div class=\"elementor-row\">\n\t\t\t\t\t<div class=\"elementor-column elementor-col-33 elementor-top-column elementor-element elementor-element-3c22231\" data-id=\"3c22231\" data-element_type=\"column\">\n\t\t\t<div class=\"elementor-column-wrap elementor-element-populated\">\n\t\t\t\t\t\t\t<div class=\"elementor-widget-wrap\">\n\t\t\t\t\t\t<div class=\"elementor-element elementor-element-ed3b2ff elementor-view-framed elementor-shape-circle elementor-widget elementor-widget-icon\" data-id=\"ed3b2ff\" data-element_type=\"widget\" data-widget_type=\"icon.default\">\n\t\t\t\t<div class=\"elementor-widget-container\">\n\t\t\t\t\t<div class=\"elementor-icon-wrapper\">\n\t\t\t<a class=\"elementor-icon\" href=\"https:\/\/web.quartzconsult.com\/\">\n\t\t\t<svg xmlns=\"http:\/\/www.w3.org\/2000\/svg\" id=\"Layer_1\" height=\"512\" viewBox=\"0 0 512 512\" width=\"512\" data-name=\"Layer 1\"><path d=\"m447.286 280.7-2.776 1.522c-10.081-12.659-27.76-17.6-41.2-10.676l-.135.071-6.175 3.375a44.471 44.471 0 0 0 -51.763-4.888l-32.262 17.828h-42.907a61.342 61.342 0 0 1 -26.917-6.269l-5.891-2.9a99.392 99.392 0 0 0 -104.827 10.4q-.2.15-.38.316l-14.221 12.871a49.522 49.522 0 0 1 -19.091 10.757l-8.215-27.385a6 6 0 0 0 -5.747-4.276h-68.779a6 6 0 0 0 -5.957 6.715l22.926 191.054a6 6 0 0 0 5.957 5.285h103.168a6 6 0 0 0 5.747-7.724l-13.684-45.615 42.548-27.334a25.373 25.373 0 0 1 18.774-2.476q.189.048.381.084l85.862 16.065a109.22 109.22 0 0 0 68.462-9.821 6.013 6.013 0 0 0 .736-.44l148.514-103.626a6 6 0 0 0 1.729-7.979 40.041 40.041 0 0 0 -53.877-14.934zm-38.424 1.482c7.729-3.939 18.2-1.137 24.891 5.937l-56.993 31.242-3.674 1.969a49.344 49.344 0 0 0 -8.191-15.077zm-57.753-1.608c.048-.026.1-.054.142-.082a32.459 32.459 0 0 1 34.238.808l-29.6 16.211a47.9 47.9 0 0 0 -19.671-8.706zm-306.86 191.926-21.486-179.054h57.552l53.715 179.054zm300.163-75.349a97.132 97.132 0 0 1 -60.5 8.553l-85.663-16.03a37.326 37.326 0 0 0 -27.61 3.8c-.095.054-.187.11-.278.169l-39.791 25.557-28.381-94.6a61.5 61.5 0 0 0 23.693-13.351l14.035-12.7a87.462 87.462 0 0 1 92.05-9.012l5.891 2.895a73.418 73.418 0 0 0 32.21 7.5h57.12c18 0 33 13.356 35.943 30.854l-41.922-1.928a243.783 243.783 0 0 0 -45 2.112 6 6 0 0 0 1.672 11.883 231.639 231.639 0 0 1 42.778-2.008l48.722 2.241q.138.006.276.006a6 6 0 0 0 6-6c0-1.162-.054-2.311-.133-3.454l6.955-3.727 70.577-38.695a28.007 28.007 0 0 1 34.511 6.045z\"><\/path><path d=\"m65.35 445.071a19.757 19.757 0 1 0 19.756-19.979 19.891 19.891 0 0 0 -19.756 19.979zm19.756-7.979a7.983 7.983 0 1 1 -7.756 7.979 7.878 7.878 0 0 1 7.756-7.979z\"><\/path><path d=\"m284.853 27.5c-60.144 0-109.074 48.871-109.074 108.942s48.93 108.941 109.074 108.941 109.074-48.871 109.074-108.941-48.927-108.942-109.074-108.942zm0 205.883a96.942 96.942 0 1 1 97.074-96.941 97.118 97.118 0 0 1 -97.074 96.941z\"><\/path><path d=\"m287.588 92.041c15.514.638 19.188 13.406 19.563 14.9a6 6 0 0 0 11.675-2.777 32.412 32.412 0 0 0 -26.4-23.675v-7.589a6 6 0 0 0 -12 0v7.612a26.681 26.681 0 0 0 -14.358 7.076c-8.468 8.243-8.969 19.9-8.921 23.283.185 13 9.885 23.973 23.583 26.687l1.2.239c1.025.2 2.284.457 3.054.607.442.086 1.592.437 2.086.588a4.322 4.322 0 0 1 .507.189c.08.035.159.068.24.1l1.882.733a4.985 4.985 0 0 1 .487.22c.888.459 1.105.588 1.75.971.265.156.579.343.984.58l.2.131c.063.04.132.085.21.132 1.942 1.2 11.645 7.641 12.031 17.014.234 5.691-1.21 10.014-4.415 13.214-4.921 4.913-12.847 5.948-16.775 5.771a23.745 23.745 0 0 1 -11.3-4.2c-2.9-2.007-6.475-5.477-7.04-10.614a6 6 0 1 0 -11.927 1.311c1.584 14.423 15.476 23.276 26.518 25.141v6.421a6 6 0 0 0 12 0v-6.763a32.861 32.861 0 0 0 17-8.574c5.556-5.547 8.3-13.224 7.928-22.2-.619-15.015-13.658-24.223-17.739-26.744-.053-.034-.5-.318-.549-.345l-1.01-.595c-.784-.465-1.212-.715-2.359-1.309a17 17 0 0 0 -1.65-.745l-1.771-.689a16.309 16.309 0 0 0 -1.7-.625c-1.18-.361-2.321-.7-3.3-.89-.755-.147-1.989-.394-2.991-.595l-1.22-.243c-9.492-1.881-13.83-8.933-13.919-15.087-.064-4.464 1.294-10.62 5.293-14.513 3.073-2.989 7.492-4.389 13.153-4.148z\"><\/path><\/svg>\t\t\t<\/a>\n\t\t<\/div>\n\t\t\t\t<\/div>\n\t\t\t\t<\/div>\n\t\t\t\t\t\t<\/div>\n\t\t\t\t\t<\/div>\n\t\t<\/div>\n\t\t\t\t<div class=\"elementor-column elementor-col-66 elementor-top-column elementor-element elementor-element-1e6508a\" data-id=\"1e6508a\" data-element_type=\"column\">\n\t\t\t<div class=\"elementor-column-wrap elementor-element-populated\">\n\t\t\t\t\t\t\t<div class=\"elementor-widget-wrap\">\n\t\t\t\t\t\t<div class=\"elementor-element elementor-element-c0ac5b3 elementor-widget elementor-widget-text-editor\" data-id=\"c0ac5b3\" data-element_type=\"widget\" data-widget_type=\"text-editor.default\">\n\t\t\t\t<div class=\"elementor-widget-container\">\n\t\t\t\t\t<div class=\"elementor-text-editor elementor-clearfix\"><p><strong>Empresa del sector agroalimentari<\/strong><\/p><p>En aquests moments he contractat els serveis de QUARTZ en l\u2019\u00e0rea administrativa que ens ha redu\u00eft dr\u00e0sticament les nostres tensions de tresoreries. Tamb\u00e9 hem contractat els serveis de QUARTZ en l\u2019\u00e0rea comercial que ens ha aconseguit generar contactes en els que pels nostres mitjans no hagu\u00e9ssim pogut aconseguir.<\/p><p>A QUARTZ treballen per a objectius reals i tangibles amb professionals amb molta experi\u00e8ncia que realitzen ells mateixos el treball utilitzant la seva \u00e0mplia xarxa de contactes per a generar sinergies.<\/p><p><\/p><\/div>\n\t\t\t\t<\/div>\n\t\t\t\t<\/div>\n\t\t\t\t\t\t<\/div>\n\t\t\t\t\t<\/div>\n\t\t<\/div>\n\t\t\t\t\t\t\t\t<\/div>\n\t\t\t\t\t<\/div>\n\t\t<\/section>\n\t\t\t\t<section class=\"elementor-section elementor-top-section elementor-element elementor-element-c82e4da elementor-section-stretched elementor-section-content-middle elementor-section-boxed elementor-section-height-default elementor-section-height-default\" data-id=\"c82e4da\" data-element_type=\"section\" data-settings=\"{&quot;stretch_section&quot;:&quot;section-stretched&quot;,&quot;background_background&quot;:&quot;classic&quot;}\">\n\t\t\t\t\t\t<div class=\"elementor-container elementor-column-gap-default\">\n\t\t\t\t\t\t\t<div class=\"elementor-row\">\n\t\t\t\t\t<div class=\"elementor-column elementor-col-33 elementor-top-column elementor-element elementor-element-4a5249b\" data-id=\"4a5249b\" data-element_type=\"column\">\n\t\t\t<div class=\"elementor-column-wrap elementor-element-populated\">\n\t\t\t\t\t\t\t<div class=\"elementor-widget-wrap\">\n\t\t\t\t\t\t<div class=\"elementor-element elementor-element-3aef338 elementor-view-framed elementor-shape-circle elementor-widget elementor-widget-icon\" data-id=\"3aef338\" data-element_type=\"widget\" data-widget_type=\"icon.default\">\n\t\t\t\t<div class=\"elementor-widget-container\">\n\t\t\t\t\t<div class=\"elementor-icon-wrapper\">\n\t\t\t<a class=\"elementor-icon\" href=\"https:\/\/web.quartzconsult.com\/\">\n\t\t\t<svg xmlns=\"http:\/\/www.w3.org\/2000\/svg\" xmlns:xlink=\"http:\/\/www.w3.org\/1999\/xlink\" id=\"Layer_1\" x=\"0px\" y=\"0px\" viewBox=\"0 0 512 512\" style=\"enable-background:new 0 0 512 512;\" xml:space=\"preserve\">\n<path d=\"M355,31L355,31c0-0.2,0-0.3,0-0.4c0-0.1,0-0.1,0-0.2c0-0.1,0-0.2,0-0.3c-0.1-0.4-0.2-0.9-0.3-1.3c0,0,0-0.1,0-0.1  c0-0.1-0.1-0.2-0.1-0.2c0-0.1-0.1-0.2-0.1-0.3l0,0c-0.2-0.4-0.5-0.8-0.9-1.2c0-0.1-0.1-0.1-0.1-0.2s-0.1-0.1-0.2-0.2  c-0.1-0.1-0.2-0.2-0.3-0.2c0,0,0,0,0,0c-0.1,0-0.1-0.1-0.2-0.1c-0.1-0.1-0.2-0.1-0.3-0.2c-0.1,0-0.1-0.1-0.2-0.1  c-0.1-0.1-0.2-0.1-0.3-0.2c-0.1,0-0.2-0.1-0.2-0.1c-0.1,0-0.2-0.1-0.3-0.1c-0.1,0-0.2-0.1-0.3-0.1s-0.2-0.1-0.3-0.1s-0.2,0-0.3-0.1  c-0.1,0-0.2,0-0.3-0.1c-0.1,0-0.2,0-0.3,0c-0.1,0-0.2,0-0.3,0c-0.1,0-0.2,0-0.4,0c-0.1,0-0.1,0-0.2,0h-49.7c-3.3,0-6,2.7-6,6  s2.7,6,6,6h37.1c-79.5,96.2-172.8,168.6-277.3,215.3c-14.7,6.6-29.9,12.7-45.1,18.3c0,0-0.1,0-0.1,0.1c-3.1,1.2-4.7,4.6-3.5,7.7  c1.2,3.1,4.6,4.7,7.7,3.5C33.6,276.2,49,270,64,263.3c105.1-46.9,198.9-119.4,279-215.5v33.6c0,3.3,2.7,6,6,6c3.3,0,6-2.7,6-6  L355,31z\"><\/path>\n<path d=\"M10.1,354l0,127c0,3.3,2.7,6,6,6h480c0,0,0,0,0.1,0c3.3,0,6-2.7,5.9-6.1l-3.8-388.3c0-3.3-2.7-5.9-6-5.9H378.1  c-3.3,0-6,2.7-6,6v88H255c-3.3,0-6,2.7-6,6v82.8H128c-3.3,0-6,2.7-6,6V348H16.1C12.8,348,10.1,350.7,10.1,354z M249,281.5V475H135.5  L134,354v-72.6L249,281.5z M372.1,192.7V475H261V192.7H372.1z M490,475h-106V98.7h102.3L490,475z M22.1,360h100l1.5,115H22.1V360z\"><\/path>\n<\/svg>\t\t\t<\/a>\n\t\t<\/div>\n\t\t\t\t<\/div>\n\t\t\t\t<\/div>\n\t\t\t\t\t\t<\/div>\n\t\t\t\t\t<\/div>\n\t\t<\/div>\n\t\t\t\t<div class=\"elementor-column elementor-col-66 elementor-top-column elementor-element elementor-element-089c718\" data-id=\"089c718\" data-element_type=\"column\">\n\t\t\t<div class=\"elementor-column-wrap elementor-element-populated\">\n\t\t\t\t\t\t\t<div class=\"elementor-widget-wrap\">\n\t\t\t\t\t\t<div class=\"elementor-element elementor-element-867b85f elementor-widget elementor-widget-text-editor\" data-id=\"867b85f\" data-element_type=\"widget\" data-widget_type=\"text-editor.default\">\n\t\t\t\t<div class=\"elementor-widget-container\">\n\t\t\t\t\t<div class=\"elementor-text-editor elementor-clearfix\"><p><strong>Empresa del sector automoci\u00f3<\/strong><\/p><p>L\u2019equip de Quartz ens va aconsellar diversificar els nostres mercats per a aix\u00ed augmentar les nostres vendes i diversificar risc comercial. Tamb\u00e9 ens va dissenyar una execuci\u00f3 innovadora; un dels professionals de Quartz treballaria a temps parcial a la nostra empresa per a realitzar el treball de camp i aconseguir nous clients. Actualment, hem desenvolupat aquest mercat i ja representa el 15% de les vendes i segueix pujant&#8230;<\/p><p><\/p><\/div>\n\t\t\t\t<\/div>\n\t\t\t\t<\/div>\n\t\t\t\t\t\t<\/div>\n\t\t\t\t\t<\/div>\n\t\t<\/div>\n\t\t\t\t\t\t\t\t<\/div>\n\t\t\t\t\t<\/div>\n\t\t<\/section>\n\t\t\t\t<section class=\"elementor-section elementor-top-section elementor-element elementor-element-7ea6d05 elementor-section-stretched elementor-section-content-middle elementor-section-boxed elementor-section-height-default elementor-section-height-default\" data-id=\"7ea6d05\" data-element_type=\"section\" data-settings=\"{&quot;stretch_section&quot;:&quot;section-stretched&quot;,&quot;background_background&quot;:&quot;classic&quot;}\">\n\t\t\t\t\t\t<div class=\"elementor-container elementor-column-gap-default\">\n\t\t\t\t\t\t\t<div class=\"elementor-row\">\n\t\t\t\t\t<div class=\"elementor-column elementor-col-33 elementor-top-column elementor-element elementor-element-edb5e57\" data-id=\"edb5e57\" data-element_type=\"column\">\n\t\t\t<div class=\"elementor-column-wrap elementor-element-populated\">\n\t\t\t\t\t\t\t<div class=\"elementor-widget-wrap\">\n\t\t\t\t\t\t<div class=\"elementor-element elementor-element-9e45579 elementor-view-framed elementor-shape-circle elementor-widget elementor-widget-icon\" data-id=\"9e45579\" data-element_type=\"widget\" data-widget_type=\"icon.default\">\n\t\t\t\t<div class=\"elementor-widget-container\">\n\t\t\t\t\t<div class=\"elementor-icon-wrapper\">\n\t\t\t<a class=\"elementor-icon\" href=\"https:\/\/web.quartzconsult.com\/\">\n\t\t\t<svg xmlns=\"http:\/\/www.w3.org\/2000\/svg\" xmlns:xlink=\"http:\/\/www.w3.org\/1999\/xlink\" id=\"Layer_1\" x=\"0px\" y=\"0px\" viewBox=\"0 0 512 512\" style=\"enable-background:new 0 0 512 512;\" xml:space=\"preserve\">\n<path d=\"M355,31L355,31c0-0.2,0-0.3,0-0.4c0-0.1,0-0.1,0-0.2c0-0.1,0-0.2,0-0.3c-0.1-0.4-0.2-0.9-0.3-1.3c0,0,0-0.1,0-0.1  c0-0.1-0.1-0.2-0.1-0.2c0-0.1-0.1-0.2-0.1-0.3l0,0c-0.2-0.4-0.5-0.8-0.9-1.2c0-0.1-0.1-0.1-0.1-0.2s-0.1-0.1-0.2-0.2  c-0.1-0.1-0.2-0.2-0.3-0.2c0,0,0,0,0,0c-0.1,0-0.1-0.1-0.2-0.1c-0.1-0.1-0.2-0.1-0.3-0.2c-0.1,0-0.1-0.1-0.2-0.1  c-0.1-0.1-0.2-0.1-0.3-0.2c-0.1,0-0.2-0.1-0.2-0.1c-0.1,0-0.2-0.1-0.3-0.1c-0.1,0-0.2-0.1-0.3-0.1s-0.2-0.1-0.3-0.1s-0.2,0-0.3-0.1  c-0.1,0-0.2,0-0.3-0.1c-0.1,0-0.2,0-0.3,0c-0.1,0-0.2,0-0.3,0c-0.1,0-0.2,0-0.4,0c-0.1,0-0.1,0-0.2,0h-49.7c-3.3,0-6,2.7-6,6  s2.7,6,6,6h37.1c-79.5,96.2-172.8,168.6-277.3,215.3c-14.7,6.6-29.9,12.7-45.1,18.3c0,0-0.1,0-0.1,0.1c-3.1,1.2-4.7,4.6-3.5,7.7  c1.2,3.1,4.6,4.7,7.7,3.5C33.6,276.2,49,270,64,263.3c105.1-46.9,198.9-119.4,279-215.5v33.6c0,3.3,2.7,6,6,6c3.3,0,6-2.7,6-6  L355,31z\"><\/path>\n<path d=\"M10.1,354l0,127c0,3.3,2.7,6,6,6h480c0,0,0,0,0.1,0c3.3,0,6-2.7,5.9-6.1l-3.8-388.3c0-3.3-2.7-5.9-6-5.9H378.1  c-3.3,0-6,2.7-6,6v88H255c-3.3,0-6,2.7-6,6v82.8H128c-3.3,0-6,2.7-6,6V348H16.1C12.8,348,10.1,350.7,10.1,354z M249,281.5V475H135.5  L134,354v-72.6L249,281.5z M372.1,192.7V475H261V192.7H372.1z M490,475h-106V98.7h102.3L490,475z M22.1,360h100l1.5,115H22.1V360z\"><\/path>\n<\/svg>\t\t\t<\/a>\n\t\t<\/div>\n\t\t\t\t<\/div>\n\t\t\t\t<\/div>\n\t\t\t\t\t\t<\/div>\n\t\t\t\t\t<\/div>\n\t\t<\/div>\n\t\t\t\t<div class=\"elementor-column elementor-col-66 elementor-top-column elementor-element elementor-element-f38ee8b\" data-id=\"f38ee8b\" data-element_type=\"column\">\n\t\t\t<div class=\"elementor-column-wrap elementor-element-populated\">\n\t\t\t\t\t\t\t<div class=\"elementor-widget-wrap\">\n\t\t\t\t\t\t<div class=\"elementor-element elementor-element-2729e55 elementor-widget elementor-widget-text-editor\" data-id=\"2729e55\" data-element_type=\"widget\" data-widget_type=\"text-editor.default\">\n\t\t\t\t<div class=\"elementor-widget-container\">\n\t\t\t\t\t<div class=\"elementor-text-editor elementor-clearfix\"><p><strong>Empresa de serveis<\/strong><\/p><p>Est\u00e0vem notant que el mercat nacional ja no absorbia el nostre increment de vendes com fins fa uns anys. Quartz ens va proposar una idea completament innovador.<\/p><p>Els seus professionals anaven a intervenir directament en els mercats internacionals per a promoure els nostres productes i assegurar el futur de la nostra companyia. Avui en dia, les nostres vendes a l&#8217;exterior consisteixen en em 30% del global de la nostra companyia.<\/p><p><\/p><\/div>\n\t\t\t\t<\/div>\n\t\t\t\t<\/div>\n\t\t\t\t\t\t<\/div>\n\t\t\t\t\t<\/div>\n\t\t<\/div>\n\t\t\t\t\t\t\t\t<\/div>\n\t\t\t\t\t<\/div>\n\t\t<\/section>\n\t\t\t\t\t\t<\/div>\n\t\t\t\t\t\t<\/div>\n\t\t\t\t\t<\/div>\n\t\t","protected":false},"excerpt":{"rendered":"<p>La confidencialitat amb els nostres clients \u00e9s la nostra m\u00e0xima premissa. La seva opini\u00f3 \u00e9s la clave del nostre \u00e8xit que ens permet millorar i aprendre constantment. Alguns testimonis: Empresa del sector industrial La nostra experi\u00e8ncia amb l\u2019equip de QUARTZ ens ha portat a ordenar la nostra activitat d\u2019innovaci\u00f3 que ven\u00edem desenvolupant, de forma temporal [&hellip;]<\/p>\n","protected":false},"author":1,"featured_media":0,"parent":0,"menu_order":0,"comment_status":"closed","ping_status":"closed","template":"","meta":{"footnotes":""},"class_list":["post-1561","page","type-page","status-publish","hentry"],"_links":{"self":[{"href":"https:\/\/quartzconsult.com\/ca\/wp-json\/wp\/v2\/pages\/1561","targetHints":{"allow":["GET"]}}],"collection":[{"href":"https:\/\/quartzconsult.com\/ca\/wp-json\/wp\/v2\/pages"}],"about":[{"href":"https:\/\/quartzconsult.com\/ca\/wp-json\/wp\/v2\/types\/page"}],"author":[{"embeddable":true,"href":"https:\/\/quartzconsult.com\/ca\/wp-json\/wp\/v2\/users\/1"}],"replies":[{"embeddable":true,"href":"https:\/\/quartzconsult.com\/ca\/wp-json\/wp\/v2\/comments?post=1561"}],"version-history":[{"count":98,"href":"https:\/\/quartzconsult.com\/ca\/wp-json\/wp\/v2\/pages\/1561\/revisions"}],"predecessor-version":[{"id":2116,"href":"https:\/\/quartzconsult.com\/ca\/wp-json\/wp\/v2\/pages\/1561\/revisions\/2116"}],"wp:attachment":[{"href":"https:\/\/quartzconsult.com\/ca\/wp-json\/wp\/v2\/media?parent=1561"}],"curies":[{"name":"wp","href":"https:\/\/api.w.org\/{rel}","templated":true}]}}